{"id":72,"date":"2026-01-13T22:01:01","date_gmt":"2026-01-13T21:01:01","guid":{"rendered":"https:\/\/exclusive-spirit.ch\/?page_id=72"},"modified":"2026-02-24T20:56:21","modified_gmt":"2026-02-24T19:56:21","slug":"kontakt","status":"publish","type":"page","link":"https:\/\/exclusive-spirit.ch\/fr\/kontakt\/","title":{"rendered":"Contact"},"content":{"rendered":"<p>[et_pb_section fb_built=&#187;1&#8243; prev_background_color=&#187;#ffffff&#187; admin_label=&#187;Header &#038; Contact&#187; _builder_version=&#187;4.27.5&#8243; _module_preset=&#187;default&#187; background_color=&#187;rgba(211,169,92,0.35)&#187; custom_margin=&#187;0px||0px||false|false&#187; custom_padding=&#187;120px||80px||false|false&#187; top_divider_style=&#187;graph&#187; collapsed=&#187;on&#187; global_colors_info=&#187;{}&#187;][et_pb_row column_structure=&#187;2_5,3_5&#8243; _builder_version=&#187;4.25.1&#8243; _module_preset=&#187;default&#187; global_colors_info=&#187;{}&#187;][et_pb_column type=&#187;2_5&#8243; _builder_version=&#187;4.25.1&#8243; _module_preset=&#187;default&#187; global_colors_info=&#187;{}&#187;][et_pb_heading title=&#187;Kontakt&#187; _builder_version=&#187;4.27.5&#8243; _module_preset=&#187;7e84f878-a0ac-4301-ade6-8ba7cfc3fd71&#8243; title_font=&#187;|500|||||||&#187; title_font_size=&#187;52px&#187; custom_margin=&#187;||10px||false|false&#187; title_font_size_tablet=&#187;46px&#187; title_font_size_phone=&#187;36px&#187; locked=&#187;off&#187; global_colors_info=&#187;{}&#187;][\/et_pb_heading][et_pb_text _builder_version=&#187;4.27.5&#8243; _module_preset=&#187;bfd41cb7-68e3-46ce-88cb-5d401b748245&#8243; text_font=&#187;||||||||&#187; text_font_size_tablet=&#187;16px&#187; text_font_size_phone=&#187;16px&#187; locked=&#187;off&#187; global_colors_info=&#187;{}&#187;]<\/p>\n<p>Haben Sie <strong>Fragen<\/strong> zu unseren Produkten, Interesse an <strong>Verkostungen<\/strong>, individuellen Bestellungen oder <strong>Kooperationen<\/strong> \u2013 jede Anfrage wird pers\u00f6nlich beantwortet. Auch Gastronomie, Handel und Partnerbetriebe sind willkommen,<br \/>mit uns ins Gespr\u00e4ch zu kommen.<\/p>\n<p>Schreiben Sie uns gern \u2013 wir nehmen uns Zeit f\u00fcr Ihr Anliegen.<\/p>\n<p>[\/et_pb_text][\/et_pb_column][et_pb_column type=&#187;3_5&#8243; _builder_version=&#187;4.25.1&#8243; _module_preset=&#187;default&#187; background_color=&#187;#FFFFFF&#187; custom_padding=&#187;40px|40px|40px|40px|true|true&#187; custom_padding_tablet=&#187;30px|30px|30px|30px|true|true&#187; custom_padding_phone=&#187;20px|20px|20px|20px|true|true&#187; custom_padding_last_edited=&#187;on|desktop&#187; global_colors_info=&#187;{}&#187;][et_pb_contact_form captcha=&#187;off&#187; email=&#187;info@exclusive-spirit.ch&#187; custom_message=&#187;Vorname: %%Vorname%%||et_pb_line_break_holder||Nachname: %%Nachname%%||et_pb_line_break_holder||Telefonnummer: %%Telefonnummer%%||et_pb_line_break_holder||E-Mailadresse_ %%Email%%||et_pb_line_break_holder||Nachricht: %%Nachricht%%&#187; success_message=&#187;Danke f\u00fcr die Kontaktaufnahme. Wir melden uns.&#187; submit_button_text=&#187;Absenden&#187; _builder_version=&#187;4.27.5&#8243; _module_preset=&#187;ed37dbfa-77ee-46db-923e-094448dc70ba&#187; button_bg_color=&#187;#D3A95C&#187; hover_enabled=&#187;0&#8243; locked=&#187;off&#187; global_colors_info=&#187;{%22gcid-695690f7-1400-435d-ab5d-81e5d8a43692%22:%91%22border_color_all%22%93,%22gcid-0ec00ca9-ec06-4784-a057-5ece2d56f250%22:%91%22button_bg_color__hover%22,%22button_bg_color__hover%22%93}&#187; sticky_enabled=&#187;0&#8243;][et_pb_contact_field field_id=&#187;Vorname&#187; field_title=&#187;Vorname*&#187; _builder_version=&#187;4.27.5&#8243; _module_preset=&#187;default&#187; global_colors_info=&#187;{}&#187; button_text_size__hover_enabled=&#187;off&#187; button_one_text_size__hover_enabled=&#187;off&#187; button_two_text_size__hover_enabled=&#187;off&#187; button_text_color__hover_enabled=&#187;off&#187; button_one_text_color__hover_enabled=&#187;off&#187; button_two_text_color__hover_enabled=&#187;off&#187; button_border_width__hover_enabled=&#187;off&#187; button_one_border_width__hover_enabled=&#187;off&#187; button_two_border_width__hover_enabled=&#187;off&#187; button_border_color__hover_enabled=&#187;off&#187; button_one_border_color__hover_enabled=&#187;off&#187; button_two_border_color__hover_enabled=&#187;off&#187; button_border_radius__hover_enabled=&#187;off&#187; button_one_border_radius__hover_enabled=&#187;off&#187; button_two_border_radius__hover_enabled=&#187;off&#187; button_letter_spacing__hover_enabled=&#187;off&#187; button_one_letter_spacing__hover_enabled=&#187;off&#187; button_two_letter_spacing__hover_enabled=&#187;off&#187; button_bg_color__hover_enabled=&#187;off&#187; button_one_bg_color__hover_enabled=&#187;off&#187; button_two_bg_color__hover_enabled=&#187;off&#187;][\/et_pb_contact_field][et_pb_contact_field field_id=&#187;Nachname&#187; field_title=&#187;Nachname*&#187; _builder_version=&#187;4.27.5&#8243; _module_preset=&#187;default&#187; global_colors_info=&#187;{}&#187; button_text_size__hover_enabled=&#187;off&#187; button_one_text_size__hover_enabled=&#187;off&#187; button_two_text_size__hover_enabled=&#187;off&#187; button_text_color__hover_enabled=&#187;off&#187; button_one_text_color__hover_enabled=&#187;off&#187; button_two_text_color__hover_enabled=&#187;off&#187; button_border_width__hover_enabled=&#187;off&#187; button_one_border_width__hover_enabled=&#187;off&#187; button_two_border_width__hover_enabled=&#187;off&#187; button_border_color__hover_enabled=&#187;off&#187; button_one_border_color__hover_enabled=&#187;off&#187; button_two_border_color__hover_enabled=&#187;off&#187; button_border_radius__hover_enabled=&#187;off&#187; button_one_border_radius__hover_enabled=&#187;off&#187; button_two_border_radius__hover_enabled=&#187;off&#187; button_letter_spacing__hover_enabled=&#187;off&#187; button_one_letter_spacing__hover_enabled=&#187;off&#187; button_two_letter_spacing__hover_enabled=&#187;off&#187; button_bg_color__hover_enabled=&#187;off&#187; button_one_bg_color__hover_enabled=&#187;off&#187; button_two_bg_color__hover_enabled=&#187;off&#187;][\/et_pb_contact_field][et_pb_contact_field field_id=&#187;Telefonnummer&#187; field_title=&#187;Telefonnummer*&#187; _builder_version=&#187;4.27.5&#8243; _module_preset=&#187;default&#187; global_colors_info=&#187;{}&#187; button_text_size__hover_enabled=&#187;off&#187; button_one_text_size__hover_enabled=&#187;off&#187; button_two_text_size__hover_enabled=&#187;off&#187; button_text_color__hover_enabled=&#187;off&#187; button_one_text_color__hover_enabled=&#187;off&#187; button_two_text_color__hover_enabled=&#187;off&#187; button_border_width__hover_enabled=&#187;off&#187; button_one_border_width__hover_enabled=&#187;off&#187; button_two_border_width__hover_enabled=&#187;off&#187; button_border_color__hover_enabled=&#187;off&#187; button_one_border_color__hover_enabled=&#187;off&#187; button_two_border_color__hover_enabled=&#187;off&#187; button_border_radius__hover_enabled=&#187;off&#187; button_one_border_radius__hover_enabled=&#187;off&#187; button_two_border_radius__hover_enabled=&#187;off&#187; button_letter_spacing__hover_enabled=&#187;off&#187; button_one_letter_spacing__hover_enabled=&#187;off&#187; button_two_letter_spacing__hover_enabled=&#187;off&#187; button_bg_color__hover_enabled=&#187;off&#187; button_one_bg_color__hover_enabled=&#187;off&#187; button_two_bg_color__hover_enabled=&#187;off&#187;][\/et_pb_contact_field][et_pb_contact_field field_id=&#187;Email&#187; field_title=&#187;E-Mailadresse*&#187; field_type=&#187;email&#187; _builder_version=&#187;4.27.5&#8243; _module_preset=&#187;default&#187; global_colors_info=&#187;{}&#187; button_text_size__hover_enabled=&#187;off&#187; button_one_text_size__hover_enabled=&#187;off&#187; button_two_text_size__hover_enabled=&#187;off&#187; button_text_color__hover_enabled=&#187;off&#187; button_one_text_color__hover_enabled=&#187;off&#187; button_two_text_color__hover_enabled=&#187;off&#187; button_border_width__hover_enabled=&#187;off&#187; button_one_border_width__hover_enabled=&#187;off&#187; button_two_border_width__hover_enabled=&#187;off&#187; button_border_color__hover_enabled=&#187;off&#187; button_one_border_color__hover_enabled=&#187;off&#187; button_two_border_color__hover_enabled=&#187;off&#187; button_border_radius__hover_enabled=&#187;off&#187; button_one_border_radius__hover_enabled=&#187;off&#187; button_two_border_radius__hover_enabled=&#187;off&#187; button_letter_spacing__hover_enabled=&#187;off&#187; button_one_letter_spacing__hover_enabled=&#187;off&#187; button_two_letter_spacing__hover_enabled=&#187;off&#187; button_bg_color__hover_enabled=&#187;off&#187; button_one_bg_color__hover_enabled=&#187;off&#187; button_two_bg_color__hover_enabled=&#187;off&#187;][\/et_pb_contact_field][et_pb_contact_field field_id=&#187;Nachricht&#187; field_title=&#187;Nachricht&#187; field_type=&#187;text&#187; fullwidth_field=&#187;on&#187; _builder_version=&#187;4.27.5&#8243; _module_preset=&#187;default&#187; global_colors_info=&#187;{}&#187; button_text_size__hover_enabled=&#187;off&#187; button_one_text_size__hover_enabled=&#187;off&#187; button_two_text_size__hover_enabled=&#187;off&#187; button_text_color__hover_enabled=&#187;off&#187; button_one_text_color__hover_enabled=&#187;off&#187; button_two_text_color__hover_enabled=&#187;off&#187; button_border_width__hover_enabled=&#187;off&#187; button_one_border_width__hover_enabled=&#187;off&#187; button_two_border_width__hover_enabled=&#187;off&#187; button_border_color__hover_enabled=&#187;off&#187; button_one_border_color__hover_enabled=&#187;off&#187; button_two_border_color__hover_enabled=&#187;off&#187; button_border_radius__hover_enabled=&#187;off&#187; button_one_border_radius__hover_enabled=&#187;off&#187; button_two_border_radius__hover_enabled=&#187;off&#187; button_letter_spacing__hover_enabled=&#187;off&#187; button_one_letter_spacing__hover_enabled=&#187;off&#187; button_two_letter_spacing__hover_enabled=&#187;off&#187; button_bg_color__hover_enabled=&#187;off&#187; button_one_bg_color__hover_enabled=&#187;off&#187; button_two_bg_color__hover_enabled=&#187;off&#187;][\/et_pb_contact_field][\/et_pb_contact_form][\/et_pb_column][\/et_pb_row][et_pb_row column_structure=&#187;1_3,1_3,1_3&#8243; _builder_version=&#187;4.27.5&#8243; _module_preset=&#187;default&#187; custom_margin=&#187;40px|auto|60px|auto|false|false&#187; custom_margin_tablet=&#187;40px||60px||false|false&#187; custom_margin_phone=&#187;40px||60px||false|false&#187; custom_margin_last_edited=&#187;on|tablet&#187; custom_padding=&#187;0px||0px||false|false&#187; locked=&#187;off&#187; global_colors_info=&#187;{}&#187;][et_pb_column type=&#187;1_3&#8243; _builder_version=&#187;4.25.1&#8243; _module_preset=&#187;default&#187; global_colors_info=&#187;{}&#187;][et_pb_heading title=&#187;Telefon&#187; _builder_version=&#187;4.27.5&#8243; _module_preset=&#187;1f76d3ae-ed1b-4074-8119-124044171d2c&#187; title_font=&#187;|700|||||||&#187; custom_margin=&#187;0px||0px||false|false&#187; custom_padding=&#187;0px||0px||false|false&#187; title_font_size_tablet=&#187;26px&#187; title_font_size_phone=&#187;26px&#187; locked=&#187;off&#187; global_colors_info=&#187;{}&#187;][\/et_pb_heading][et_pb_text _builder_version=&#187;4.27.5&#8243; _module_preset=&#187;f7ac229e-18c6-43cb-a833-8986ab9a824f&#187; text_font=&#187;||||||||&#187; link_text_color=&#187;gcid-heading-color&#187; locked=&#187;off&#187; global_colors_info=&#187;{%22gcid-672c49ec-b8cc-4f22-a785-dec4ee1498c5%22:%91%22quote_text_color%22,%22quote_border_color%22,%22quote_text_color%22,%22quote_border_color%22,%22quote_text_color%22,%22quote_border_color%22,%22quote_text_color%22,%22quote_border_color%22%93,%22gcid-heading-color%22:%91%22link_text_color%22%93}&#187;]+41 79 298 89 92[\/et_pb_text][\/et_pb_column][et_pb_column type=&#187;1_3&#8243; _builder_version=&#187;4.25.1&#8243; _module_preset=&#187;default&#187; global_colors_info=&#187;{}&#187;][et_pb_heading title=&#187;E-Mailadresse&#187; _builder_version=&#187;4.27.5&#8243; _module_preset=&#187;1f76d3ae-ed1b-4074-8119-124044171d2c&#187; title_font=&#187;|700|||||||&#187; custom_margin=&#187;0px||0px||false|false&#187; custom_padding=&#187;0px||0px||false|false&#187; title_font_size_tablet=&#187;26px&#187; title_font_size_phone=&#187;26px&#187; locked=&#187;off&#187; global_colors_info=&#187;{}&#187;][\/et_pb_heading][et_pb_text _builder_version=&#187;4.27.5&#8243; _module_preset=&#187;f7ac229e-18c6-43cb-a833-8986ab9a824f&#187; text_font=&#187;||||||||&#187; link_text_color=&#187;gcid-heading-color&#187; locked=&#187;off&#187; global_colors_info=&#187;{%22gcid-672c49ec-b8cc-4f22-a785-dec4ee1498c5%22:%91%22quote_text_color%22,%22quote_border_color%22,%22quote_text_color%22,%22quote_border_color%22,%22quote_text_color%22,%22quote_border_color%22,%22quote_text_color%22,%22quote_border_color%22%93,%22gcid-heading-color%22:%91%22link_text_color%22%93}&#187;]<\/p>\n<p><a href=\"mailto:info@exclusive-spirit.ch\" target=\"_blank\" title=\"E-Mail\" an=\"\" exclusive=\"\" spirit=\"\" rel=\"noopener\">info@exclusive-spirit.ch<\/a><\/p>\n<p>[\/et_pb_text][\/et_pb_column][et_pb_column type=&#187;1_3&#8243; _builder_version=&#187;4.25.1&#8243; _module_preset=&#187;default&#187; global_colors_info=&#187;{}&#187;][et_pb_heading title=&#187;Adresse&#187; _builder_version=&#187;4.27.5&#8243; _module_preset=&#187;1f76d3ae-ed1b-4074-8119-124044171d2c&#187; title_font=&#187;|700|||||||&#187; custom_margin=&#187;0px||0px||false|false&#187; custom_padding=&#187;0px||0px||false|false&#187; title_font_size_tablet=&#187;26px&#187; title_font_size_phone=&#187;26px&#187; locked=&#187;off&#187; global_colors_info=&#187;{}&#187;][\/et_pb_heading][et_pb_text _builder_version=&#187;4.27.5&#8243; _module_preset=&#187;f7ac229e-18c6-43cb-a833-8986ab9a824f&#187; text_font=&#187;||||||||&#187; link_text_color=&#187;gcid-heading-color&#187; locked=&#187;off&#187; global_colors_info=&#187;{%22gcid-672c49ec-b8cc-4f22-a785-dec4ee1498c5%22:%91%22quote_text_color%22,%22quote_border_color%22,%22quote_text_color%22,%22quote_border_color%22,%22quote_text_color%22,%22quote_border_color%22,%22quote_text_color%22,%22quote_border_color%22%93,%22gcid-heading-color%22:%91%22link_text_color%22%93}&#187;]Exclusive Spirit, Michael F\u00e4ssler,<br \/>\nOberkienzen 1, 6037 Root[\/et_pb_text][\/et_pb_column][\/et_pb_row][et_pb_row _builder_version=&#187;4.27.5&#8243; _module_preset=&#187;default&#187; custom_margin=&#187;0px||0px||false|false&#187; custom_padding=&#187;0px||0px||false|false&#187; global_colors_info=&#187;{}&#187;][et_pb_column type=&#187;4_4&#8243; _builder_version=&#187;4.27.5&#8243; _module_preset=&#187;default&#187; global_colors_info=&#187;{}&#187;][et_pb_code _builder_version=&#187;4.27.5&#8243; _module_preset=&#187;default&#187; custom_margin=&#187;||-4px|||&#187; global_colors_info=&#187;{}&#187;]<iframe src=\"https:\/\/www.google.com\/maps\/embed?pb=!1m18!1m12!1m3!1d6095.248659012652!2d8.396024993853217!3d47.11622791790255!2m3!1f0!2f0!3f0!3m2!1i1024!2i768!4f13.1!3m3!1m2!1s0x478ffe4f5eca369f%3A0x42c93e36c83ddd0f!2sOberkinzen%2C%20Oberkienzen%201%2C%206037%20Root%2C%20Schweiz!5e0!3m2!1sde!2smx!4v1769755164537!5m2!1sde!2smx\" width=\"100%\" height=\"300\" style=\"border:0;\" allowfullscreen=\"\" loading=\"lazy\" referrerpolicy=\"no-referrer-when-downgrade\"><\/iframe>[\/et_pb_code][\/et_pb_column][\/et_pb_row][\/et_pb_section][et_pb_section fb_built=&#187;1&#8243; custom_padding_last_edited=&#187;on|phone&#187; _builder_version=&#187;4.27.5&#8243; _module_preset=&#187;default&#187; background_color=&#187;#D3A95C&#187; custom_margin=&#187;0px||0px||false|false&#187; custom_padding=&#187;80px||80px||false|false&#187; custom_padding_tablet=&#187;80px||80px||false|false&#187; custom_padding_phone=&#187;80px||60px||false|false&#187; global_colors_info=&#187;{}&#187;][et_pb_row column_structure=&#187;1_5,3_5,1_5&#8243; _builder_version=&#187;4.27.5&#8243; _module_preset=&#187;default&#187; custom_margin=&#187;0px|auto|-5px|auto|false|false&#187; custom_padding=&#187;0px||0px||false|false&#187; global_colors_info=&#187;{}&#187;][et_pb_column type=&#187;1_5&#8243; _builder_version=&#187;4.27.5&#8243; _module_preset=&#187;default&#187; custom_padding=&#187;0px||0px||false|false&#187; global_colors_info=&#187;{}&#187;][\/et_pb_column][et_pb_column type=&#187;3_5&#8243; _builder_version=&#187;4.27.5&#8243; _module_preset=&#187;default&#187; custom_padding=&#187;0px||0px||false|false&#187; global_colors_info=&#187;{}&#187;][et_pb_image src=&#187;https:\/\/exclusive-spirit.ch\/wp-content\/uploads\/2026\/02\/logo_exclusive_spirit_weiss.png&#187; alt=&#187;Logo Exclusive Spirit weiss&#187; title_text=&#187;logo_exclusive_spirit_weiss&#187; _builder_version=&#187;4.27.5&#8243; _module_preset=&#187;default&#187; width=&#187;350px&#187; max_width=&#187;100%&#187; module_alignment=&#187;center&#187; custom_margin=&#187;0px||0px||false|false&#187; custom_padding=&#187;0px||0px||false|false&#187; global_colors_info=&#187;{}&#187;][\/et_pb_image][\/et_pb_column][et_pb_column type=&#187;1_5&#8243; _builder_version=&#187;4.27.5&#8243; _module_preset=&#187;default&#187; custom_padding=&#187;0px||0px||false|false&#187; global_colors_info=&#187;{}&#187;][\/et_pb_column][\/et_pb_row][\/et_pb_section]<\/p>\n","protected":false},"excerpt":{"rendered":"<p>Exclusive Spirit est synonyme de produits artisanaux qui ont de l'origine, du temps et du caract\u00e8re. Dans notre manufacture, les confitures, les spiritueux et les produits carn\u00e9s sont produits en petits lots et avec le plus grand soin. Nous sommes heureux d'\u00e9changer avec des personnes qui appr\u00e9cient la qualit\u00e9 et recherchent un plaisir conscient.<\/p>","protected":false},"author":1,"featured_media":0,"parent":0,"menu_order":0,"comment_status":"closed","ping_status":"closed","template":"","meta":{"_et_pb_use_builder":"on","_et_pb_old_content":"<!-- wp:divi\/placeholder \/-->","_et_gb_content_width":"","footnotes":""},"class_list":["post-72","page","type-page","status-publish","hentry"],"yoast_head":"<!-- This site is optimized with the Yoast SEO plugin v27.2 - https:\/\/yoast.com\/product\/yoast-seo-wordpress\/ -->\n<title>Kontakt - Exclusive Spirit<\/title>\n<meta name=\"robots\" content=\"index, follow, max-snippet:-1, max-image-preview:large, max-video-preview:-1\" \/>\n<link rel=\"canonical\" href=\"https:\/\/exclusive-spirit.ch\/fr\/kontakt\/\" \/>\n<meta property=\"og:locale\" content=\"fr_FR\" \/>\n<meta property=\"og:type\" content=\"article\" \/>\n<meta property=\"og:title\" content=\"Kontakt - Exclusive Spirit\" \/>\n<meta property=\"og:description\" content=\"Exclusive Spirit steht f\u00fcr handwerklich hergestellte Produkte mit Herkunft, Zeit und Charakter. In unserer Manufaktur entstehen Konfit\u00fcren, Spirituosen und Fleischwaren in kleinen Chargen und mit gro\u00dfer Sorgfalt. Wir freuen uns \u00fcber den Austausch mit Menschen, die Qualit\u00e4t sch\u00e4tzen und bewussten Genuss suchen.\" \/>\n<meta property=\"og:url\" content=\"https:\/\/exclusive-spirit.ch\/fr\/kontakt\/\" \/>\n<meta property=\"og:site_name\" content=\"Exclusive Spirit\" \/>\n<meta property=\"article:modified_time\" content=\"2026-02-24T19:56:21+00:00\" \/>\n<meta name=\"twitter:card\" content=\"summary_large_image\" \/>\n<script type=\"application\/ld+json\" class=\"yoast-schema-graph\">{\"@context\":\"https:\/\/schema.org\",\"@graph\":[{\"@type\":\"WebPage\",\"@id\":\"https:\/\/exclusive-spirit.ch\/kontakt\/\",\"url\":\"https:\/\/exclusive-spirit.ch\/kontakt\/\",\"name\":\"Kontakt - Exclusive Spirit\",\"isPartOf\":{\"@id\":\"https:\/\/exclusive-spirit.ch\/#website\"},\"datePublished\":\"2026-01-13T21:01:01+00:00\",\"dateModified\":\"2026-02-24T19:56:21+00:00\",\"breadcrumb\":{\"@id\":\"https:\/\/exclusive-spirit.ch\/kontakt\/#breadcrumb\"},\"inLanguage\":\"fr-FR\",\"potentialAction\":[{\"@type\":\"ReadAction\",\"target\":[\"https:\/\/exclusive-spirit.ch\/kontakt\/\"]}]},{\"@type\":\"BreadcrumbList\",\"@id\":\"https:\/\/exclusive-spirit.ch\/kontakt\/#breadcrumb\",\"itemListElement\":[{\"@type\":\"ListItem\",\"position\":1,\"name\":\"Start\",\"item\":\"https:\/\/exclusive-spirit.ch\/\"},{\"@type\":\"ListItem\",\"position\":2,\"name\":\"Kontakt\"}]},{\"@type\":\"WebSite\",\"@id\":\"https:\/\/exclusive-spirit.ch\/#website\",\"url\":\"https:\/\/exclusive-spirit.ch\/\",\"name\":\"Exclusive Spirit\",\"description\":\"brand | frucht | alp\",\"publisher\":{\"@id\":\"https:\/\/exclusive-spirit.ch\/#organization\"},\"potentialAction\":[{\"@type\":\"SearchAction\",\"target\":{\"@type\":\"EntryPoint\",\"urlTemplate\":\"https:\/\/exclusive-spirit.ch\/?s={search_term_string}\"},\"query-input\":{\"@type\":\"PropertyValueSpecification\",\"valueRequired\":true,\"valueName\":\"search_term_string\"}}],\"inLanguage\":\"fr-FR\"},{\"@type\":\"Organization\",\"@id\":\"https:\/\/exclusive-spirit.ch\/#organization\",\"name\":\"Exclusive Spirit\",\"url\":\"https:\/\/exclusive-spirit.ch\/\",\"logo\":{\"@type\":\"ImageObject\",\"inLanguage\":\"fr-FR\",\"@id\":\"https:\/\/exclusive-spirit.ch\/#\/schema\/logo\/image\/\",\"url\":\"https:\/\/exclusive-spirit.ch\/wp-content\/uploads\/2026\/01\/cropped-favicon_exclusive-spirit.jpg\",\"contentUrl\":\"https:\/\/exclusive-spirit.ch\/wp-content\/uploads\/2026\/01\/cropped-favicon_exclusive-spirit.jpg\",\"width\":512,\"height\":512,\"caption\":\"Exclusive Spirit\"},\"image\":{\"@id\":\"https:\/\/exclusive-spirit.ch\/#\/schema\/logo\/image\/\"}}]}<\/script>\n<!-- \/ Yoast SEO plugin. -->","yoast_head_json":{"title":"Contact - Exclusive Spirit","robots":{"index":"index","follow":"follow","max-snippet":"max-snippet:-1","max-image-preview":"max-image-preview:large","max-video-preview":"max-video-preview:-1"},"canonical":"https:\/\/exclusive-spirit.ch\/fr\/kontakt\/","og_locale":"fr_FR","og_type":"article","og_title":"Kontakt - Exclusive Spirit","og_description":"Exclusive Spirit steht f\u00fcr handwerklich hergestellte Produkte mit Herkunft, Zeit und Charakter. In unserer Manufaktur entstehen Konfit\u00fcren, Spirituosen und Fleischwaren in kleinen Chargen und mit gro\u00dfer Sorgfalt. Wir freuen uns \u00fcber den Austausch mit Menschen, die Qualit\u00e4t sch\u00e4tzen und bewussten Genuss suchen.","og_url":"https:\/\/exclusive-spirit.ch\/fr\/kontakt\/","og_site_name":"Exclusive Spirit","article_modified_time":"2026-02-24T19:56:21+00:00","twitter_card":"summary_large_image","schema":{"@context":"https:\/\/schema.org","@graph":[{"@type":"WebPage","@id":"https:\/\/exclusive-spirit.ch\/kontakt\/","url":"https:\/\/exclusive-spirit.ch\/kontakt\/","name":"Contact - Exclusive Spirit","isPartOf":{"@id":"https:\/\/exclusive-spirit.ch\/#website"},"datePublished":"2026-01-13T21:01:01+00:00","dateModified":"2026-02-24T19:56:21+00:00","breadcrumb":{"@id":"https:\/\/exclusive-spirit.ch\/kontakt\/#breadcrumb"},"inLanguage":"fr-FR","potentialAction":[{"@type":"ReadAction","target":["https:\/\/exclusive-spirit.ch\/kontakt\/"]}]},{"@type":"BreadcrumbList","@id":"https:\/\/exclusive-spirit.ch\/kontakt\/#breadcrumb","itemListElement":[{"@type":"ListItem","position":1,"name":"Start","item":"https:\/\/exclusive-spirit.ch\/"},{"@type":"ListItem","position":2,"name":"Kontakt"}]},{"@type":"WebSite","@id":"https:\/\/exclusive-spirit.ch\/#website","url":"https:\/\/exclusive-spirit.ch\/","name":"Esprit exclusif","description":"eau-de-vie | fruits | alpages","publisher":{"@id":"https:\/\/exclusive-spirit.ch\/#organization"},"potentialAction":[{"@type":"SearchAction","target":{"@type":"EntryPoint","urlTemplate":"https:\/\/exclusive-spirit.ch\/?s={search_term_string}"},"query-input":{"@type":"PropertyValueSpecification","valueRequired":true,"valueName":"search_term_string"}}],"inLanguage":"fr-FR"},{"@type":"Organization","@id":"https:\/\/exclusive-spirit.ch\/#organization","name":"Esprit exclusif","url":"https:\/\/exclusive-spirit.ch\/","logo":{"@type":"ImageObject","inLanguage":"fr-FR","@id":"https:\/\/exclusive-spirit.ch\/#\/schema\/logo\/image\/","url":"https:\/\/exclusive-spirit.ch\/wp-content\/uploads\/2026\/01\/cropped-favicon_exclusive-spirit.jpg","contentUrl":"https:\/\/exclusive-spirit.ch\/wp-content\/uploads\/2026\/01\/cropped-favicon_exclusive-spirit.jpg","width":512,"height":512,"caption":"Exclusive Spirit"},"image":{"@id":"https:\/\/exclusive-spirit.ch\/#\/schema\/logo\/image\/"}}]}},"jetpack_sharing_enabled":true,"_links":{"self":[{"href":"https:\/\/exclusive-spirit.ch\/fr\/wp-json\/wp\/v2\/pages\/72","targetHints":{"allow":["GET"]}}],"collection":[{"href":"https:\/\/exclusive-spirit.ch\/fr\/wp-json\/wp\/v2\/pages"}],"about":[{"href":"https:\/\/exclusive-spirit.ch\/fr\/wp-json\/wp\/v2\/types\/page"}],"author":[{"embeddable":true,"href":"https:\/\/exclusive-spirit.ch\/fr\/wp-json\/wp\/v2\/users\/1"}],"replies":[{"embeddable":true,"href":"https:\/\/exclusive-spirit.ch\/fr\/wp-json\/wp\/v2\/comments?post=72"}],"version-history":[{"count":48,"href":"https:\/\/exclusive-spirit.ch\/fr\/wp-json\/wp\/v2\/pages\/72\/revisions"}],"predecessor-version":[{"id":1555,"href":"https:\/\/exclusive-spirit.ch\/fr\/wp-json\/wp\/v2\/pages\/72\/revisions\/1555"}],"wp:attachment":[{"href":"https:\/\/exclusive-spirit.ch\/fr\/wp-json\/wp\/v2\/media?parent=72"}],"curies":[{"name":"wp","href":"https:\/\/api.w.org\/{rel}","templated":true}]}}