{"id":1001,"date":"2026-01-27T18:51:04","date_gmt":"2026-01-27T17:51:04","guid":{"rendered":"https:\/\/exclusive-spirit.ch\/?page_id=1001"},"modified":"2026-02-13T17:35:13","modified_gmt":"2026-02-13T16:35:13","slug":"handel","status":"publish","type":"page","link":"https:\/\/exclusive-spirit.ch\/fr\/handel\/","title":{"rendered":"Commerce"},"content":{"rendered":"<p>[et_pb_section fb_built=&#187;1&#8243; custom_padding_last_edited=&#187;on|tablet&#187; prev_background_color=&#187;#ffffff&#187; admin_label=&#187;Call to Action&#187; _builder_version=&#187;4.27.5&#8243; _module_preset=&#187;default&#187; background_image=&#187;https:\/\/exclusive-spirit.ch\/wp-content\/uploads\/2026\/01\/alp.jpg&#187; custom_margin=&#187;0px||0px||false|false&#187; custom_padding=&#187;120px||120px||false|false&#187; custom_padding_tablet=&#187;120px||80px||false|false&#187; custom_padding_phone=&#187;||40px||false|false&#187; top_divider_style=&#187;graph&#187; collapsed=&#187;on&#187; global_colors_info=&#187;{}&#187;][et_pb_row column_structure=&#187;2_3,1_3&#8243; _builder_version=&#187;4.27.5&#8243; _module_preset=&#187;default&#187; custom_margin=&#187;0px||0px||false|false&#187; custom_padding=&#187;0px||0px||false|false&#187; global_colors_info=&#187;{}&#187;][et_pb_column type=&#187;2_3&#8243; _builder_version=&#187;4.25.1&#8243; _module_preset=&#187;default&#187; global_colors_info=&#187;{}&#187;][et_pb_text _builder_version=&#187;4.27.5&#8243; _module_preset=&#187;642bc66c-bfd9-4886-b16c-94f078caabc3&#8243; header_5_font=&#187;|700||on|||||&#187; header_5_text_color=&#187;#efefef&#187; header_5_font_size=&#187;15px&#187; header_5_letter_spacing=&#187;2px&#187; custom_margin=&#187;0px||10px||false|false&#187; custom_padding=&#187;0px||0px||false|false&#187; global_colors_info=&#187;{}&#187;]<\/p>\n<h5>Handel<\/h5>\n<p>[\/et_pb_text][et_pb_heading title=&#187;Gerne vermarkten wir auch Ihre Produkte&#187; _builder_version=&#187;4.27.5&#8243; _module_preset=&#187;d35cbbd9-d0b1-4471-9de7-9d0fab5e15ff&#187; title_font=&#187;|700|||||||&#187; title_text_color=&#187;#D3A95C&#187; custom_margin=&#187;||10px||false|false&#187; title_font_size_phone=&#187;26px&#187; locked=&#187;off&#187; global_colors_info=&#187;{}&#187;][\/et_pb_heading][et_pb_text _builder_version=&#187;4.27.5&#8243; _module_preset=&#187;642bc66c-bfd9-4886-b16c-94f078caabc3&#8243; text_font=&#187;||||||||&#187; text_font_size=&#187;22px&#187; text_line_height=&#187;1.65em&#187; text_font_size_tablet=&#187;16px&#187; text_text_shadow_style=&#187;preset2&#8243; global_colors_info=&#187;{}&#187;]<\/p>\n<p>Swiss Exclusive Spirit steht f\u00fcr eine schnelle und zuverl\u00e4ssige Lieferung, Bezahlung nach aktuellen Marktpreisen, sowie f\u00fcr die Produktion, Verarbeitung und Vermarktung von hochwertigen Lebens- und Genussmitteln.<\/p>\n<p>[\/et_pb_text][\/et_pb_column][et_pb_column type=&#187;1_3&#8243; _builder_version=&#187;4.25.1&#8243; _module_preset=&#187;default&#187; global_colors_info=&#187;{}&#187;][\/et_pb_column][\/et_pb_row][\/et_pb_section][et_pb_section fb_built=&#187;1&#8243; admin_label=&#187;Our Story Section&#187; _builder_version=&#187;4.27.5&#8243; background_enable_color=&#187;off&#187; custom_margin=&#187;0px||0px||false|false&#187; custom_padding=&#187;80px||80px||false|false&#187; global_colors_info=&#187;{}&#187;][et_pb_row column_structure=&#187;1_2,1_2&#8243; admin_label=&#187;Our Story&#187; _builder_version=&#187;4.27.5&#8243; background_size=&#187;initial&#187; background_position=&#187;top_left&#187; background_repeat=&#187;repeat&#187; custom_margin=&#187;0px||0px||false|false&#187; custom_padding=&#187;0px||0px||false|false&#187; global_colors_info=&#187;{}&#187;][et_pb_column type=&#187;1_2&#8243; _builder_version=&#187;4.16&#8243; custom_padding=&#187;|||&#187; global_colors_info=&#187;{}&#187; custom_padding__hover=&#187;|||&#187;][et_pb_text admin_label=&#187;Title&#187; _builder_version=&#187;4.27.5&#8243; text_font=&#187;||||&#187; text_text_color=&#187;#3e3f56&#8243; header_font=&#187;||||||||&#187; header_text_align=&#187;left&#187; header_text_color=&#187;#D3A95C&#187; header_font_size=&#187;46px&#187; header_line_height=&#187;1.3em&#187; header_2_text_align=&#187;left&#187; header_2_font_size=&#187;36px&#187; background_size=&#187;initial&#187; background_position=&#187;top_left&#187; background_repeat=&#187;repeat&#187; text_orientation=&#187;center&#187; module_alignment=&#187;center&#187; custom_margin=&#187;0px||0px||false|false&#187; custom_padding=&#187;0px||0px||false|false&#187; animation_style=&#187;slide&#187; animation_direction=&#187;bottom&#187; animation_intensity_slide=&#187;10%&#187; header_font_size_tablet=&#187;&#187; header_font_size_phone=&#187;44px&#187; header_font_size_last_edited=&#187;on|phone&#187; global_colors_info=&#187;{}&#187;]<\/p>\n<h2>Vermarktung von Tieren<\/h2>\n<p>[\/et_pb_text][et_pb_text _builder_version=&#187;4.27.5&#8243; text_font=&#187;Open Sans||||&#187; text_text_color=&#187;rgba(68,66,53,0.8)&#187; text_font_size=&#187;17px&#187; text_line_height=&#187;1.9em&#187; background_size=&#187;initial&#187; background_position=&#187;top_left&#187; background_repeat=&#187;repeat&#187; custom_padding=&#187;|||&#187; animation_style=&#187;slide&#187; animation_direction=&#187;bottom&#187; animation_delay=&#187;100ms&#187; animation_intensity_slide=&#187;5%&#187; global_colors_info=&#187;{}&#187;]<\/p>\n<p>Unser Hauptt\u00e4tigkeitsgebiet ist die Vermarktung von:<\/p>\n<ul>\n<li>L\u00e4mmern<\/li>\n<li>Schafen<\/li>\n<li>Ziegen<\/li>\n<li>K\u00e4lbern<\/li>\n<li>Schlachtk\u00fchen<\/li>\n<\/ul>\n<p>Wir garantieren eine prompte Abholung sowie eine Bezahlung nach aktuellen Wochenpreisen. Auch der Kauf gesamter Best\u00e4nde liegt in unserem Repertoire.<\/p>\n<h3>Handel mit Brennfr\u00fcchten<\/h3>\n<p>Auch der Erwerb von Brennfr\u00fcchten aller Art geh\u00f6rt zu unserem Gesch\u00e4ft. Dank unseres breiten Netzwerks verf\u00fcgen wir \u00fcber optimale M\u00f6glichkeiten, Ihre Produkte bestm\u00f6glich<br \/>zu vermarkten.<\/p>\n<p>[\/et_pb_text][\/et_pb_column][et_pb_column type=&#187;1_2&#8243; _builder_version=&#187;4.16&#8243; custom_padding=&#187;|||&#187; global_colors_info=&#187;{}&#187; custom_padding__hover=&#187;|||&#187;][et_pb_image src=&#187;https:\/\/exclusive-spirit.ch\/wp-content\/uploads\/2026\/02\/handel2.jpg&#187; alt=&#187;H\u00e4ndesch\u00fctteln&#187; title_text=&#187;handel2&#8243; _builder_version=&#187;4.27.5&#8243; _module_preset=&#187;default&#187; hover_enabled=&#187;0&#8243; global_colors_info=&#187;{}&#187; sticky_enabled=&#187;0&#8243;][\/et_pb_image][et_pb_button _builder_version=&#187;4.16&#8243; global_colors_info=&#187;{}&#187; button_text_size__hover_enabled=&#187;off&#187; button_one_text_size__hover_enabled=&#187;off&#187; button_two_text_size__hover_enabled=&#187;off&#187; button_text_color__hover_enabled=&#187;off&#187; button_one_text_color__hover_enabled=&#187;off&#187; button_two_text_color__hover_enabled=&#187;off&#187; button_border_width__hover_enabled=&#187;off&#187; button_one_border_width__hover_enabled=&#187;off&#187; button_two_border_width__hover_enabled=&#187;off&#187; button_border_color__hover_enabled=&#187;off&#187; button_one_border_color__hover_enabled=&#187;off&#187; button_two_border_color__hover_enabled=&#187;off&#187; button_border_radius__hover_enabled=&#187;off&#187; button_one_border_radius__hover_enabled=&#187;off&#187; button_two_border_radius__hover_enabled=&#187;off&#187; button_letter_spacing__hover_enabled=&#187;off&#187; button_one_letter_spacing__hover_enabled=&#187;off&#187; button_two_letter_spacing__hover_enabled=&#187;off&#187; button_bg_color__hover_enabled=&#187;off&#187; button_one_bg_color__hover_enabled=&#187;off&#187; button_two_bg_color__hover_enabled=&#187;off&#187;][\/et_pb_button][\/et_pb_column][\/et_pb_row][\/et_pb_section]<\/p>\n","protected":false},"excerpt":{"rendered":"<p>Depuis des ann\u00e9es, nous nous engageons pour une commercialisation s\u00fbre et \u00e9quitable des agneaux, des moutons, des ch\u00e8vres et des bovins.<\/p>","protected":false},"author":1,"featured_media":1163,"parent":0,"menu_order":0,"comment_status":"closed","ping_status":"closed","template":"","meta":{"_et_pb_use_builder":"on","_et_pb_old_content":"","_et_gb_content_width":"","footnotes":""},"class_list":["post-1001","page","type-page","status-publish","has-post-thumbnail","hentry"],"yoast_head":"<!-- This site is optimized with the Yoast SEO plugin v27.2 - https:\/\/yoast.com\/product\/yoast-seo-wordpress\/ -->\n<title>Handel - Exclusive Spirit<\/title>\n<meta name=\"robots\" content=\"index, follow, max-snippet:-1, max-image-preview:large, max-video-preview:-1\" \/>\n<link rel=\"canonical\" href=\"https:\/\/exclusive-spirit.ch\/fr\/handel\/\" \/>\n<meta property=\"og:locale\" content=\"fr_FR\" \/>\n<meta property=\"og:type\" content=\"article\" \/>\n<meta property=\"og:title\" content=\"Handel - Exclusive Spirit\" \/>\n<meta property=\"og:description\" content=\"Seit Jahren stehen wir f\u00fcr eine sichere und faire Vermarktung von L\u00e4mmern, Schafen, Ziegen und Rindern.\" \/>\n<meta property=\"og:url\" content=\"https:\/\/exclusive-spirit.ch\/fr\/handel\/\" \/>\n<meta property=\"og:site_name\" content=\"Exclusive Spirit\" \/>\n<meta property=\"article:modified_time\" content=\"2026-02-13T16:35:13+00:00\" \/>\n<meta property=\"og:image\" content=\"https:\/\/exclusive-spirit.ch\/wp-content\/uploads\/2026\/01\/header_schafe_auf_alp.jpg\" \/>\n\t<meta property=\"og:image:width\" content=\"1248\" \/>\n\t<meta property=\"og:image:height\" content=\"832\" \/>\n\t<meta property=\"og:image:type\" content=\"image\/jpeg\" \/>\n<meta name=\"twitter:card\" content=\"summary_large_image\" \/>\n<script type=\"application\/ld+json\" class=\"yoast-schema-graph\">{\"@context\":\"https:\/\/schema.org\",\"@graph\":[{\"@type\":\"WebPage\",\"@id\":\"https:\/\/exclusive-spirit.ch\/handel\/\",\"url\":\"https:\/\/exclusive-spirit.ch\/handel\/\",\"name\":\"Handel - Exclusive Spirit\",\"isPartOf\":{\"@id\":\"https:\/\/exclusive-spirit.ch\/#website\"},\"primaryImageOfPage\":{\"@id\":\"https:\/\/exclusive-spirit.ch\/handel\/#primaryimage\"},\"image\":{\"@id\":\"https:\/\/exclusive-spirit.ch\/handel\/#primaryimage\"},\"thumbnailUrl\":\"https:\/\/exclusive-spirit.ch\/wp-content\/uploads\/2026\/01\/header_schafe_auf_alp.jpg\",\"datePublished\":\"2026-01-27T17:51:04+00:00\",\"dateModified\":\"2026-02-13T16:35:13+00:00\",\"breadcrumb\":{\"@id\":\"https:\/\/exclusive-spirit.ch\/handel\/#breadcrumb\"},\"inLanguage\":\"fr-FR\",\"potentialAction\":[{\"@type\":\"ReadAction\",\"target\":[\"https:\/\/exclusive-spirit.ch\/handel\/\"]}]},{\"@type\":\"ImageObject\",\"inLanguage\":\"fr-FR\",\"@id\":\"https:\/\/exclusive-spirit.ch\/handel\/#primaryimage\",\"url\":\"https:\/\/exclusive-spirit.ch\/wp-content\/uploads\/2026\/01\/header_schafe_auf_alp.jpg\",\"contentUrl\":\"https:\/\/exclusive-spirit.ch\/wp-content\/uploads\/2026\/01\/header_schafe_auf_alp.jpg\",\"width\":1248,\"height\":832,\"caption\":\"Header Schafe auf Alp\"},{\"@type\":\"BreadcrumbList\",\"@id\":\"https:\/\/exclusive-spirit.ch\/handel\/#breadcrumb\",\"itemListElement\":[{\"@type\":\"ListItem\",\"position\":1,\"name\":\"Start\",\"item\":\"https:\/\/exclusive-spirit.ch\/\"},{\"@type\":\"ListItem\",\"position\":2,\"name\":\"Handel\"}]},{\"@type\":\"WebSite\",\"@id\":\"https:\/\/exclusive-spirit.ch\/#website\",\"url\":\"https:\/\/exclusive-spirit.ch\/\",\"name\":\"Exclusive Spirit\",\"description\":\"brand | frucht | alp\",\"publisher\":{\"@id\":\"https:\/\/exclusive-spirit.ch\/#organization\"},\"potentialAction\":[{\"@type\":\"SearchAction\",\"target\":{\"@type\":\"EntryPoint\",\"urlTemplate\":\"https:\/\/exclusive-spirit.ch\/?s={search_term_string}\"},\"query-input\":{\"@type\":\"PropertyValueSpecification\",\"valueRequired\":true,\"valueName\":\"search_term_string\"}}],\"inLanguage\":\"fr-FR\"},{\"@type\":\"Organization\",\"@id\":\"https:\/\/exclusive-spirit.ch\/#organization\",\"name\":\"Exclusive Spirit\",\"url\":\"https:\/\/exclusive-spirit.ch\/\",\"logo\":{\"@type\":\"ImageObject\",\"inLanguage\":\"fr-FR\",\"@id\":\"https:\/\/exclusive-spirit.ch\/#\/schema\/logo\/image\/\",\"url\":\"https:\/\/exclusive-spirit.ch\/wp-content\/uploads\/2026\/01\/cropped-favicon_exclusive-spirit.jpg\",\"contentUrl\":\"https:\/\/exclusive-spirit.ch\/wp-content\/uploads\/2026\/01\/cropped-favicon_exclusive-spirit.jpg\",\"width\":512,\"height\":512,\"caption\":\"Exclusive Spirit\"},\"image\":{\"@id\":\"https:\/\/exclusive-spirit.ch\/#\/schema\/logo\/image\/\"}}]}<\/script>\n<!-- \/ Yoast SEO plugin. -->","yoast_head_json":{"title":"Commerce - Exclusive Spirit","robots":{"index":"index","follow":"follow","max-snippet":"max-snippet:-1","max-image-preview":"max-image-preview:large","max-video-preview":"max-video-preview:-1"},"canonical":"https:\/\/exclusive-spirit.ch\/fr\/handel\/","og_locale":"fr_FR","og_type":"article","og_title":"Handel - Exclusive Spirit","og_description":"Seit Jahren stehen wir f\u00fcr eine sichere und faire Vermarktung von L\u00e4mmern, Schafen, Ziegen und Rindern.","og_url":"https:\/\/exclusive-spirit.ch\/fr\/handel\/","og_site_name":"Exclusive Spirit","article_modified_time":"2026-02-13T16:35:13+00:00","og_image":[{"width":1248,"height":832,"url":"https:\/\/exclusive-spirit.ch\/wp-content\/uploads\/2026\/01\/header_schafe_auf_alp.jpg","type":"image\/jpeg"}],"twitter_card":"summary_large_image","schema":{"@context":"https:\/\/schema.org","@graph":[{"@type":"WebPage","@id":"https:\/\/exclusive-spirit.ch\/handel\/","url":"https:\/\/exclusive-spirit.ch\/handel\/","name":"Commerce - Exclusive Spirit","isPartOf":{"@id":"https:\/\/exclusive-spirit.ch\/#website"},"primaryImageOfPage":{"@id":"https:\/\/exclusive-spirit.ch\/handel\/#primaryimage"},"image":{"@id":"https:\/\/exclusive-spirit.ch\/handel\/#primaryimage"},"thumbnailUrl":"https:\/\/exclusive-spirit.ch\/wp-content\/uploads\/2026\/01\/header_schafe_auf_alp.jpg","datePublished":"2026-01-27T17:51:04+00:00","dateModified":"2026-02-13T16:35:13+00:00","breadcrumb":{"@id":"https:\/\/exclusive-spirit.ch\/handel\/#breadcrumb"},"inLanguage":"fr-FR","potentialAction":[{"@type":"ReadAction","target":["https:\/\/exclusive-spirit.ch\/handel\/"]}]},{"@type":"ImageObject","inLanguage":"fr-FR","@id":"https:\/\/exclusive-spirit.ch\/handel\/#primaryimage","url":"https:\/\/exclusive-spirit.ch\/wp-content\/uploads\/2026\/01\/header_schafe_auf_alp.jpg","contentUrl":"https:\/\/exclusive-spirit.ch\/wp-content\/uploads\/2026\/01\/header_schafe_auf_alp.jpg","width":1248,"height":832,"caption":"Header Schafe auf Alp"},{"@type":"BreadcrumbList","@id":"https:\/\/exclusive-spirit.ch\/handel\/#breadcrumb","itemListElement":[{"@type":"ListItem","position":1,"name":"Start","item":"https:\/\/exclusive-spirit.ch\/"},{"@type":"ListItem","position":2,"name":"Handel"}]},{"@type":"WebSite","@id":"https:\/\/exclusive-spirit.ch\/#website","url":"https:\/\/exclusive-spirit.ch\/","name":"Esprit exclusif","description":"eau-de-vie | fruits | alpages","publisher":{"@id":"https:\/\/exclusive-spirit.ch\/#organization"},"potentialAction":[{"@type":"SearchAction","target":{"@type":"EntryPoint","urlTemplate":"https:\/\/exclusive-spirit.ch\/?s={search_term_string}"},"query-input":{"@type":"PropertyValueSpecification","valueRequired":true,"valueName":"search_term_string"}}],"inLanguage":"fr-FR"},{"@type":"Organization","@id":"https:\/\/exclusive-spirit.ch\/#organization","name":"Esprit exclusif","url":"https:\/\/exclusive-spirit.ch\/","logo":{"@type":"ImageObject","inLanguage":"fr-FR","@id":"https:\/\/exclusive-spirit.ch\/#\/schema\/logo\/image\/","url":"https:\/\/exclusive-spirit.ch\/wp-content\/uploads\/2026\/01\/cropped-favicon_exclusive-spirit.jpg","contentUrl":"https:\/\/exclusive-spirit.ch\/wp-content\/uploads\/2026\/01\/cropped-favicon_exclusive-spirit.jpg","width":512,"height":512,"caption":"Exclusive Spirit"},"image":{"@id":"https:\/\/exclusive-spirit.ch\/#\/schema\/logo\/image\/"}}]}},"jetpack_sharing_enabled":true,"_links":{"self":[{"href":"https:\/\/exclusive-spirit.ch\/fr\/wp-json\/wp\/v2\/pages\/1001","targetHints":{"allow":["GET"]}}],"collection":[{"href":"https:\/\/exclusive-spirit.ch\/fr\/wp-json\/wp\/v2\/pages"}],"about":[{"href":"https:\/\/exclusive-spirit.ch\/fr\/wp-json\/wp\/v2\/types\/page"}],"author":[{"embeddable":true,"href":"https:\/\/exclusive-spirit.ch\/fr\/wp-json\/wp\/v2\/users\/1"}],"replies":[{"embeddable":true,"href":"https:\/\/exclusive-spirit.ch\/fr\/wp-json\/wp\/v2\/comments?post=1001"}],"version-history":[{"count":20,"href":"https:\/\/exclusive-spirit.ch\/fr\/wp-json\/wp\/v2\/pages\/1001\/revisions"}],"predecessor-version":[{"id":1533,"href":"https:\/\/exclusive-spirit.ch\/fr\/wp-json\/wp\/v2\/pages\/1001\/revisions\/1533"}],"wp:featuredmedia":[{"embeddable":true,"href":"https:\/\/exclusive-spirit.ch\/fr\/wp-json\/wp\/v2\/media\/1163"}],"wp:attachment":[{"href":"https:\/\/exclusive-spirit.ch\/fr\/wp-json\/wp\/v2\/media?parent=1001"}],"curies":[{"name":"wp","href":"https:\/\/api.w.org\/{rel}","templated":true}]}}