{"id":74,"date":"2026-01-13T22:01:24","date_gmt":"2026-01-13T21:01:24","guid":{"rendered":"https:\/\/exclusive-spirit.ch\/?page_id=74"},"modified":"2026-02-16T15:47:02","modified_gmt":"2026-02-16T14:47:02","slug":"impressum","status":"publish","type":"page","link":"https:\/\/exclusive-spirit.ch\/es\/impressum\/","title":{"rendered":"Pie de imprenta"},"content":{"rendered":"<p>[et_pb_section fb_built=&#187;1&#8243; custom_padding_last_edited=&#187;on|tablet&#187; admin_label=&#187;section&#187; module_id=&#187;impressum&#187; _builder_version=&#187;4.27.5&#8243; custom_margin=&#187;0px||0px||false|false&#187; custom_padding=&#187;80px||80px||false|false&#187; custom_padding_tablet=&#187;80px||60px||false|false&#187; custom_padding_phone=&#187;80px||60px||false|false&#187; global_colors_info=&#187;{}&#187;][et_pb_row column_structure=&#187;2_3,1_3&#8243; admin_label=&#187;row&#187; _builder_version=&#187;4.27.5&#8243; background_size=&#187;initial&#187; background_position=&#187;top_left&#187; background_repeat=&#187;repeat&#187; custom_margin=&#187;0px||0px||false|false&#187; custom_padding=&#187;0px||0px||false|false&#187; global_colors_info=&#187;{}&#187;][et_pb_column type=&#187;2_3&#8243; _builder_version=&#187;4.16&#8243; custom_padding=&#187;|||&#187; global_colors_info=&#187;{}&#187; custom_padding__hover=&#187;|||&#187;][et_pb_text admin_label=&#187;Text&#187; _builder_version=&#187;4.27.5&#8243; background_size=&#187;initial&#187; background_position=&#187;top_left&#187; background_repeat=&#187;repeat&#187; custom_margin=&#187;0px||20px||false|false&#187; custom_padding=&#187;0px||0px||false|false&#187; global_colors_info=&#187;{}&#187;]<\/p>\n<h1>Impressum<\/h1>\n<p>[\/et_pb_text][et_pb_text admin_label=&#187;Text&#187; _builder_version=&#187;4.27.5&#8243; background_color=&#187;RGBA(255,255,255,0)&#187; background_size=&#187;initial&#187; background_position=&#187;top_left&#187; background_repeat=&#187;repeat&#187; custom_margin=&#187;||||false|false&#187; global_colors_info=&#187;{}&#187;]<\/p>\n<h3>Anbieter<\/h3>\n<p>Verantwortliche Person: Michael F\u00e4ssler<\/p>\n<p><strong>Exclusive Spirit<\/strong><br \/>Oberkienzen 1<br \/>6037 Root<br \/>Telefon: +41 79 298 89 92<br \/>E-Mail: <a href=\"mailto:info@exclusive-spirit.ch\" target=\"_blank\" title=\"E-Mail an Exclusive Spirit\" rel=\"noopener\">info@exclusive-spirit.ch<\/a><br \/>Webseite: <a href=\"https:\/\/www.exclusive-spririt.ch\" title=\"Exclusive Spirit\">www.exclusive-spririt.ch<\/a><\/p>\n<h3>Rechtsform<\/h3>\n<p>Einzelunternehmen &#8211; von MwSt. befreit da Landwirtschaftsbetrieb<\/p>\n<h3>Webdesign<\/h3>\n<p><strong>Brigitte Marty Kreisl<\/strong><br \/>Webdesignerin &amp; Fotografin<br \/>Obere Schwertern 2<br \/>6440 Brunnen<br \/><a href=\"https:\/\/www.brigittemarty.ch\/webdesign\" target=\"_blank\" rel=\"noopener\" title=\"Brigitte Marty\">www.brigittemarty.ch<\/a><\/p>\n<h3>Urheberrechte<\/h3>\n<p>Die auf dieser Webseite ver\u00f6ffentlichten Inhalte, Texte, Bilder und Grafiken unterliegen dem schweizerischen Urheberrecht.<br \/>Die Vervielf\u00e4ltigung, Bearbeitung, Verbreitung oder jede Art der Verwertung ausserhalb der Grenzen des Urheberrechts bedarf der schriftlichen Zustimmung des jeweiligen Rechteinhabers.<\/p>\n<h3>Anwendbares Recht<\/h3>\n<p>Es gilt ausschliesslich Schweizer Recht.<br \/>Gerichtsstand ist K\u00fcssnacht am Rigi.<\/p>\n<p>[\/et_pb_text][\/et_pb_column][et_pb_column type=&#187;1_3&#8243; _builder_version=&#187;4.16&#8243; custom_padding=&#187;|||&#187; global_colors_info=&#187;{}&#187; custom_padding__hover=&#187;|||&#187;][\/et_pb_column][\/et_pb_row][\/et_pb_section]<\/p>\n","protected":false},"excerpt":{"rendered":"<p>El contenido de este sitio web ha sido recopilado con el mayor cuidado posible. Sin embargo, no asumimos ninguna responsabilidad por la exactitud, integridad y actualidad de los contenidos.<\/p>","protected":false},"author":1,"featured_media":1128,"parent":0,"menu_order":0,"comment_status":"closed","ping_status":"closed","template":"","meta":{"_et_pb_use_builder":"on","_et_pb_old_content":"<!-- wp:divi\/placeholder \/-->","_et_gb_content_width":"","footnotes":""},"class_list":["post-74","page","type-page","status-publish","has-post-thumbnail","hentry"],"yoast_head":"<!-- This site is optimized with the Yoast SEO plugin v27.2 - https:\/\/yoast.com\/product\/yoast-seo-wordpress\/ -->\n<title>Impressum - Exclusive Spirit<\/title>\n<meta name=\"description\" content=\"F\u00fcr die Richtigkeit, Vollst\u00e4ndigkeit und Aktualit\u00e4t der Inhalte \u00fcbernehmen wir jedoch keine Gew\u00e4hr.\" \/>\n<meta name=\"robots\" content=\"index, follow, max-snippet:-1, max-image-preview:large, max-video-preview:-1\" \/>\n<link rel=\"canonical\" href=\"https:\/\/exclusive-spirit.ch\/es\/impressum\/\" \/>\n<meta property=\"og:locale\" content=\"es_ES\" \/>\n<meta property=\"og:type\" content=\"article\" \/>\n<meta property=\"og:title\" content=\"Impressum - Exclusive Spirit\" \/>\n<meta property=\"og:description\" content=\"F\u00fcr die Richtigkeit, Vollst\u00e4ndigkeit und Aktualit\u00e4t der Inhalte \u00fcbernehmen wir jedoch keine Gew\u00e4hr.\" \/>\n<meta property=\"og:url\" content=\"https:\/\/exclusive-spirit.ch\/es\/impressum\/\" \/>\n<meta property=\"og:site_name\" content=\"Exclusive Spirit\" \/>\n<meta property=\"article:modified_time\" content=\"2026-02-16T14:47:02+00:00\" \/>\n<meta property=\"og:image\" content=\"https:\/\/exclusive-spirit.ch\/wp-content\/uploads\/2026\/01\/philosophie.jpg\" \/>\n\t<meta property=\"og:image:width\" content=\"1536\" \/>\n\t<meta property=\"og:image:height\" content=\"1024\" \/>\n\t<meta property=\"og:image:type\" content=\"image\/jpeg\" \/>\n<meta name=\"twitter:card\" content=\"summary_large_image\" \/>\n<meta name=\"twitter:label1\" content=\"Tiempo de lectura\" \/>\n\t<meta name=\"twitter:data1\" content=\"2 minutos\" \/>\n<script type=\"application\/ld+json\" class=\"yoast-schema-graph\">{\"@context\":\"https:\/\/schema.org\",\"@graph\":[{\"@type\":\"WebPage\",\"@id\":\"https:\/\/exclusive-spirit.ch\/impressum\/\",\"url\":\"https:\/\/exclusive-spirit.ch\/impressum\/\",\"name\":\"Impressum - Exclusive Spirit\",\"isPartOf\":{\"@id\":\"https:\/\/exclusive-spirit.ch\/#website\"},\"primaryImageOfPage\":{\"@id\":\"https:\/\/exclusive-spirit.ch\/impressum\/#primaryimage\"},\"image\":{\"@id\":\"https:\/\/exclusive-spirit.ch\/impressum\/#primaryimage\"},\"thumbnailUrl\":\"https:\/\/exclusive-spirit.ch\/wp-content\/uploads\/2026\/01\/philosophie.jpg\",\"datePublished\":\"2026-01-13T21:01:24+00:00\",\"dateModified\":\"2026-02-16T14:47:02+00:00\",\"description\":\"F\u00fcr die Richtigkeit, Vollst\u00e4ndigkeit und Aktualit\u00e4t der Inhalte \u00fcbernehmen wir jedoch keine Gew\u00e4hr.\",\"breadcrumb\":{\"@id\":\"https:\/\/exclusive-spirit.ch\/impressum\/#breadcrumb\"},\"inLanguage\":\"es\",\"potentialAction\":[{\"@type\":\"ReadAction\",\"target\":[\"https:\/\/exclusive-spirit.ch\/impressum\/\"]}]},{\"@type\":\"ImageObject\",\"inLanguage\":\"es\",\"@id\":\"https:\/\/exclusive-spirit.ch\/impressum\/#primaryimage\",\"url\":\"https:\/\/exclusive-spirit.ch\/wp-content\/uploads\/2026\/01\/philosophie.jpg\",\"contentUrl\":\"https:\/\/exclusive-spirit.ch\/wp-content\/uploads\/2026\/01\/philosophie.jpg\",\"width\":1536,\"height\":1024,\"caption\":\"Philosophie\"},{\"@type\":\"BreadcrumbList\",\"@id\":\"https:\/\/exclusive-spirit.ch\/impressum\/#breadcrumb\",\"itemListElement\":[{\"@type\":\"ListItem\",\"position\":1,\"name\":\"Start\",\"item\":\"https:\/\/exclusive-spirit.ch\/\"},{\"@type\":\"ListItem\",\"position\":2,\"name\":\"Impressum\"}]},{\"@type\":\"WebSite\",\"@id\":\"https:\/\/exclusive-spirit.ch\/#website\",\"url\":\"https:\/\/exclusive-spirit.ch\/\",\"name\":\"Exclusive Spirit\",\"description\":\"brand | frucht | alp\",\"publisher\":{\"@id\":\"https:\/\/exclusive-spirit.ch\/#organization\"},\"potentialAction\":[{\"@type\":\"SearchAction\",\"target\":{\"@type\":\"EntryPoint\",\"urlTemplate\":\"https:\/\/exclusive-spirit.ch\/?s={search_term_string}\"},\"query-input\":{\"@type\":\"PropertyValueSpecification\",\"valueRequired\":true,\"valueName\":\"search_term_string\"}}],\"inLanguage\":\"es\"},{\"@type\":\"Organization\",\"@id\":\"https:\/\/exclusive-spirit.ch\/#organization\",\"name\":\"Exclusive Spirit\",\"url\":\"https:\/\/exclusive-spirit.ch\/\",\"logo\":{\"@type\":\"ImageObject\",\"inLanguage\":\"es\",\"@id\":\"https:\/\/exclusive-spirit.ch\/#\/schema\/logo\/image\/\",\"url\":\"https:\/\/exclusive-spirit.ch\/wp-content\/uploads\/2026\/01\/cropped-favicon_exclusive-spirit.jpg\",\"contentUrl\":\"https:\/\/exclusive-spirit.ch\/wp-content\/uploads\/2026\/01\/cropped-favicon_exclusive-spirit.jpg\",\"width\":512,\"height\":512,\"caption\":\"Exclusive Spirit\"},\"image\":{\"@id\":\"https:\/\/exclusive-spirit.ch\/#\/schema\/logo\/image\/\"}}]}<\/script>\n<!-- \/ Yoast SEO plugin. -->","yoast_head_json":{"title":"Pie de imprenta - Exclusive Spirit","description":"Sin embargo, no asumimos ninguna responsabilidad por la exactitud, integridad y actualidad de los contenidos.","robots":{"index":"index","follow":"follow","max-snippet":"max-snippet:-1","max-image-preview":"max-image-preview:large","max-video-preview":"max-video-preview:-1"},"canonical":"https:\/\/exclusive-spirit.ch\/es\/impressum\/","og_locale":"es_ES","og_type":"article","og_title":"Impressum - Exclusive Spirit","og_description":"F\u00fcr die Richtigkeit, Vollst\u00e4ndigkeit und Aktualit\u00e4t der Inhalte \u00fcbernehmen wir jedoch keine Gew\u00e4hr.","og_url":"https:\/\/exclusive-spirit.ch\/es\/impressum\/","og_site_name":"Exclusive Spirit","article_modified_time":"2026-02-16T14:47:02+00:00","og_image":[{"width":1536,"height":1024,"url":"https:\/\/exclusive-spirit.ch\/wp-content\/uploads\/2026\/01\/philosophie.jpg","type":"image\/jpeg"}],"twitter_card":"summary_large_image","twitter_misc":{"Tiempo de lectura":"2 minutos"},"schema":{"@context":"https:\/\/schema.org","@graph":[{"@type":"WebPage","@id":"https:\/\/exclusive-spirit.ch\/impressum\/","url":"https:\/\/exclusive-spirit.ch\/impressum\/","name":"Pie de imprenta - Exclusive Spirit","isPartOf":{"@id":"https:\/\/exclusive-spirit.ch\/#website"},"primaryImageOfPage":{"@id":"https:\/\/exclusive-spirit.ch\/impressum\/#primaryimage"},"image":{"@id":"https:\/\/exclusive-spirit.ch\/impressum\/#primaryimage"},"thumbnailUrl":"https:\/\/exclusive-spirit.ch\/wp-content\/uploads\/2026\/01\/philosophie.jpg","datePublished":"2026-01-13T21:01:24+00:00","dateModified":"2026-02-16T14:47:02+00:00","description":"Sin embargo, no asumimos ninguna responsabilidad por la exactitud, integridad y actualidad de los contenidos.","breadcrumb":{"@id":"https:\/\/exclusive-spirit.ch\/impressum\/#breadcrumb"},"inLanguage":"es","potentialAction":[{"@type":"ReadAction","target":["https:\/\/exclusive-spirit.ch\/impressum\/"]}]},{"@type":"ImageObject","inLanguage":"es","@id":"https:\/\/exclusive-spirit.ch\/impressum\/#primaryimage","url":"https:\/\/exclusive-spirit.ch\/wp-content\/uploads\/2026\/01\/philosophie.jpg","contentUrl":"https:\/\/exclusive-spirit.ch\/wp-content\/uploads\/2026\/01\/philosophie.jpg","width":1536,"height":1024,"caption":"Philosophie"},{"@type":"BreadcrumbList","@id":"https:\/\/exclusive-spirit.ch\/impressum\/#breadcrumb","itemListElement":[{"@type":"ListItem","position":1,"name":"Start","item":"https:\/\/exclusive-spirit.ch\/"},{"@type":"ListItem","position":2,"name":"Impressum"}]},{"@type":"WebSite","@id":"https:\/\/exclusive-spirit.ch\/#website","url":"https:\/\/exclusive-spirit.ch\/","name":"Esp\u00edritu exclusivo","description":"brandy | fruta | alp","publisher":{"@id":"https:\/\/exclusive-spirit.ch\/#organization"},"potentialAction":[{"@type":"SearchAction","target":{"@type":"EntryPoint","urlTemplate":"https:\/\/exclusive-spirit.ch\/?s={search_term_string}"},"query-input":{"@type":"PropertyValueSpecification","valueRequired":true,"valueName":"search_term_string"}}],"inLanguage":"es"},{"@type":"Organization","@id":"https:\/\/exclusive-spirit.ch\/#organization","name":"Esp\u00edritu exclusivo","url":"https:\/\/exclusive-spirit.ch\/","logo":{"@type":"ImageObject","inLanguage":"es","@id":"https:\/\/exclusive-spirit.ch\/#\/schema\/logo\/image\/","url":"https:\/\/exclusive-spirit.ch\/wp-content\/uploads\/2026\/01\/cropped-favicon_exclusive-spirit.jpg","contentUrl":"https:\/\/exclusive-spirit.ch\/wp-content\/uploads\/2026\/01\/cropped-favicon_exclusive-spirit.jpg","width":512,"height":512,"caption":"Exclusive Spirit"},"image":{"@id":"https:\/\/exclusive-spirit.ch\/#\/schema\/logo\/image\/"}}]}},"jetpack_sharing_enabled":true,"_links":{"self":[{"href":"https:\/\/exclusive-spirit.ch\/es\/wp-json\/wp\/v2\/pages\/74","targetHints":{"allow":["GET"]}}],"collection":[{"href":"https:\/\/exclusive-spirit.ch\/es\/wp-json\/wp\/v2\/pages"}],"about":[{"href":"https:\/\/exclusive-spirit.ch\/es\/wp-json\/wp\/v2\/types\/page"}],"author":[{"embeddable":true,"href":"https:\/\/exclusive-spirit.ch\/es\/wp-json\/wp\/v2\/users\/1"}],"replies":[{"embeddable":true,"href":"https:\/\/exclusive-spirit.ch\/es\/wp-json\/wp\/v2\/comments?post=74"}],"version-history":[{"count":22,"href":"https:\/\/exclusive-spirit.ch\/es\/wp-json\/wp\/v2\/pages\/74\/revisions"}],"predecessor-version":[{"id":1550,"href":"https:\/\/exclusive-spirit.ch\/es\/wp-json\/wp\/v2\/pages\/74\/revisions\/1550"}],"wp:featuredmedia":[{"embeddable":true,"href":"https:\/\/exclusive-spirit.ch\/es\/wp-json\/wp\/v2\/media\/1128"}],"wp:attachment":[{"href":"https:\/\/exclusive-spirit.ch\/es\/wp-json\/wp\/v2\/media?parent=74"}],"curies":[{"name":"wp","href":"https:\/\/api.w.org\/{rel}","templated":true}]}}