{"id":196,"date":"2026-01-14T23:14:56","date_gmt":"2026-01-14T22:14:56","guid":{"rendered":"https:\/\/exclusive-spirit.ch\/?post_type=product&#038;p=196"},"modified":"2026-02-13T05:09:54","modified_gmt":"2026-02-13T04:09:54","slug":"exclusive-spirit-williams-likoer-vol-28","status":"publish","type":"product","link":"https:\/\/exclusive-spirit.ch\/en\/product\/exclusive-spirit-williams-likoer-vol-28\/","title":{"rendered":"Exclusive Spirit Liqueur Williams Vol. 28%"},"content":{"rendered":"<p>[et_pb_section fb_built=&#187;1&#8243; _builder_version=&#187;4.16&#8243; custom_padding=&#187;0px||||false|false&#187; global_colors_info=&#187;{}&#187;][et_pb_row _builder_version=&#187;4.16&#8243; background_size=&#187;initial&#187; background_position=&#187;top_left&#187; background_repeat=&#187;repeat&#187; width=&#187;100%&#187; custom_padding=&#187;0px||0px||false|false&#187; global_colors_info=&#187;{}&#187;][et_pb_column type=&#187;4_4&#8243; _builder_version=&#187;4.16&#8243; custom_padding=&#187;|||&#187; global_colors_info=&#187;{}&#187; custom_padding__hover=&#187;|||&#187;][et_pb_wc_breadcrumb _builder_version=&#187;4.16&#8243; global_colors_info=&#187;{}&#187;][\/et_pb_wc_breadcrumb][et_pb_wc_cart_notice _builder_version=&#187;4.27.5&#8243; background_color=&#187;#D3A95C&#187; custom_button=&#187;on&#187; button_text_color=&#187;#D3A95C&#187; global_colors_info=&#187;{}&#187;][\/et_pb_wc_cart_notice][\/et_pb_column][\/et_pb_row][et_pb_row column_structure=&#187;1_2,1_2&#8243; _builder_version=&#187;4.16&#8243; background_size=&#187;initial&#187; background_position=&#187;top_left&#187; background_repeat=&#187;repeat&#187; width=&#187;100%&#187; custom_padding=&#187;0px||||false|false&#187; global_colors_info=&#187;{}&#187;][et_pb_column type=&#187;1_2&#8243; _builder_version=&#187;4.16&#8243; custom_padding=&#187;|||&#187; global_colors_info=&#187;{}&#187; custom_padding__hover=&#187;|||&#187;][et_pb_wc_images _builder_version=&#187;4.16&#8243; global_colors_info=&#187;{}&#187;][\/et_pb_wc_images][\/et_pb_column][et_pb_column type=&#187;1_2&#8243; _builder_version=&#187;4.16&#8243; custom_padding=&#187;|||&#187; global_colors_info=&#187;{}&#187; custom_padding__hover=&#187;|||&#187;][et_pb_wc_title _builder_version=&#187;4.16&#8243; global_colors_info=&#187;{}&#187;][\/et_pb_wc_title][et_pb_wc_rating _builder_version=&#187;4.16&#8243; global_colors_info=&#187;{}&#187;][\/et_pb_wc_rating][et_pb_wc_price _builder_version=&#187;4.16&#8243; global_colors_info=&#187;{}&#187;][\/et_pb_wc_price][et_pb_wc_description _builder_version=&#187;4.16&#8243; global_colors_info=&#187;{}&#187;][\/et_pb_wc_description][et_pb_wc_add_to_cart _builder_version=&#187;4.16&#8243; global_colors_info=&#187;{}&#187;][\/et_pb_wc_add_to_cart][et_pb_wc_meta _builder_version=&#187;4.16&#8243; global_colors_info=&#187;{}&#187;][\/et_pb_wc_meta][\/et_pb_column][\/et_pb_row][et_pb_row _builder_version=&#187;4.16&#8243; background_size=&#187;initial&#187; background_position=&#187;top_left&#187; background_repeat=&#187;repeat&#187; width=&#187;100%&#187; global_colors_info=&#187;{}&#187;][et_pb_column type=&#187;4_4&#8243; _builder_version=&#187;4.16&#8243; custom_padding=&#187;|||&#187; global_colors_info=&#187;{}&#187; custom_padding__hover=&#187;|||&#187;][et_pb_wc_tabs _builder_version=&#187;4.16&#8243; global_colors_info=&#187;{}&#187;]\t\t\t\t\t[\/et_pb_wc_tabs][et_pb_wc_upsells _builder_version=&#187;4.16&#8243; global_colors_info=&#187;{}&#187;][\/et_pb_wc_upsells][et_pb_wc_related_products _builder_version=&#187;4.16&#8243; global_colors_info=&#187;{}&#187;][\/et_pb_wc_related_products][\/et_pb_column][\/et_pb_row][\/et_pb_section]<\/p>\n","protected":false},"excerpt":{"rendered":"<p>From our own pears, ripened on high-stem trees on the sunny slopes of central Switzerland. They have been lovingly tended, harvested and mashed by us. Distilled and refined with passion, they are a symphony for the nose, palate and soul.<\/p>\n<p><em><strong>Ingredients:<\/strong> Fruit brandy \/ alcohol \/ types of sugar \/ flavors<\/em><\/p>\n<p>&nbsp;<\/p>","protected":false},"featured_media":657,"template":"","meta":{"_et_pb_use_builder":"on","_et_pb_old_content":"<strong>Inhalt:\u00a0<\/strong>Die Williams-Birnen stammen aus unseren Hochstammobstg\u00e4rten. Sie werden von Hand gepfl\u00fcckt, sorgf\u00e4ltig eingemaischt und anschliessend destilliert. Daraus entsteht der edle, feinaromatische Williams.\u00a0Wir bieten Ihnen diese exklusive Spirituose als Brand, Vieille oder Lik\u00f6r an.\r\n<strong>Produktion:<\/strong> Schweiz\r\n<strong>Hersteller:<\/strong> Exclusive Spirit\r\n\r\n<strong>Info:<\/strong>\u00a0<em>F\u00fcr alle Produkte besteht die M\u00f6glichkeit zur Selbstabholung. Erh\u00e4ltlich als Williamsschnaps, Williamsvieille und Williamslik\u00f6r.<\/em>\r\n<h3>Die Geschichte von Exclusive Spirit<\/h3>\r\nExclusive Spirit steht seit 2026 f\u00fcr handwerklich hergestellte Spirituosen mit Charakter. Entstanden aus einem kleinen Betrieb und getragen von der Leidenschaft f\u00fcr ehrliche Destillation, verbindet die Marke Herkunft, Erfahrung und Zeit zu Produkten, die bewusst au\u00dferhalb industrieller Massst\u00e4be entstehen.","_et_gb_content_width":""},"product_brand":[26],"product_cat":[34,25],"product_tag":[28,29],"class_list":{"0":"post-196","1":"product","2":"type-product","3":"status-publish","4":"has-post-thumbnail","6":"product_brand-exclusive-spirit","7":"product_cat-alkohol","8":"product_cat-likoer-roeteli","9":"product_tag-likoer","10":"product_tag-williams","12":"first","13":"outofstock","14":"taxable","15":"shipping-taxable","16":"purchasable","17":"product-type-variable","18":"wvs-archive-product-wrapper"},"yoast_head":"<!-- This site is optimized with the Yoast SEO plugin v27.2 - https:\/\/yoast.com\/product\/yoast-seo-wordpress\/ -->\n<title>Exclusive Spirit Lik\u00f6r Williams Vol. 28% - Exclusive Spirit<\/title>\n<meta name=\"description\" content=\"Die Williams-Birnen stammen aus unseren Hochstammobstg\u00e4rten. Sie werden von Hand gepfl\u00fcckt, sorgf\u00e4ltig eingemaischt und anschliessend destilliert.\" \/>\n<meta name=\"robots\" content=\"index, follow, max-snippet:-1, max-image-preview:large, max-video-preview:-1\" \/>\n<link rel=\"canonical\" href=\"https:\/\/exclusive-spirit.ch\/en\/product\/exclusive-spirit-williams-likoer-vol-28\/\" \/>\n<meta property=\"og:locale\" content=\"en_US\" \/>\n<meta property=\"og:type\" content=\"article\" \/>\n<meta property=\"og:title\" content=\"Exclusive Spirit Lik\u00f6r Williams Vol. 28% - Exclusive Spirit\" \/>\n<meta property=\"og:description\" content=\"Die Williams-Birnen stammen aus unseren Hochstammobstg\u00e4rten. Sie werden von Hand gepfl\u00fcckt, sorgf\u00e4ltig eingemaischt und anschliessend destilliert.\" \/>\n<meta property=\"og:url\" content=\"https:\/\/exclusive-spirit.ch\/en\/product\/exclusive-spirit-williams-likoer-vol-28\/\" \/>\n<meta property=\"og:site_name\" content=\"Exclusive Spirit\" \/>\n<meta property=\"article:modified_time\" content=\"2026-02-13T04:09:54+00:00\" \/>\n<meta property=\"og:image\" content=\"https:\/\/exclusive-spirit.ch\/wp-content\/uploads\/2026\/01\/likoer_williams.jpg\" \/>\n\t<meta property=\"og:image:width\" content=\"1199\" \/>\n\t<meta property=\"og:image:height\" content=\"1199\" \/>\n\t<meta property=\"og:image:type\" content=\"image\/jpeg\" \/>\n<meta name=\"twitter:card\" content=\"summary_large_image\" \/>\n<meta name=\"twitter:label1\" content=\"Est. reading time\" \/>\n\t<meta name=\"twitter:data1\" content=\"2 minutes\" \/>\n<script type=\"application\/ld+json\" class=\"yoast-schema-graph\">{\"@context\":\"https:\/\/schema.org\",\"@graph\":[{\"@type\":\"WebPage\",\"@id\":\"https:\/\/exclusive-spirit.ch\/produkt\/exclusive-spirit-williams-likoer-vol-28\/\",\"url\":\"https:\/\/exclusive-spirit.ch\/produkt\/exclusive-spirit-williams-likoer-vol-28\/\",\"name\":\"Exclusive Spirit Lik\u00f6r Williams Vol. 28% - Exclusive Spirit\",\"isPartOf\":{\"@id\":\"https:\/\/exclusive-spirit.ch\/#website\"},\"primaryImageOfPage\":{\"@id\":\"https:\/\/exclusive-spirit.ch\/produkt\/exclusive-spirit-williams-likoer-vol-28\/#primaryimage\"},\"image\":{\"@id\":\"https:\/\/exclusive-spirit.ch\/produkt\/exclusive-spirit-williams-likoer-vol-28\/#primaryimage\"},\"thumbnailUrl\":\"https:\/\/exclusive-spirit.ch\/wp-content\/uploads\/2026\/01\/likoer_williams.jpg\",\"datePublished\":\"2026-01-14T22:14:56+00:00\",\"dateModified\":\"2026-02-13T04:09:54+00:00\",\"description\":\"Die Williams-Birnen stammen aus unseren Hochstammobstg\u00e4rten. Sie werden von Hand gepfl\u00fcckt, sorgf\u00e4ltig eingemaischt und anschliessend destilliert.\",\"breadcrumb\":{\"@id\":\"https:\/\/exclusive-spirit.ch\/produkt\/exclusive-spirit-williams-likoer-vol-28\/#breadcrumb\"},\"inLanguage\":\"en-US\",\"potentialAction\":[{\"@type\":\"ReadAction\",\"target\":[\"https:\/\/exclusive-spirit.ch\/produkt\/exclusive-spirit-williams-likoer-vol-28\/\"]}]},{\"@type\":\"ImageObject\",\"inLanguage\":\"en-US\",\"@id\":\"https:\/\/exclusive-spirit.ch\/produkt\/exclusive-spirit-williams-likoer-vol-28\/#primaryimage\",\"url\":\"https:\/\/exclusive-spirit.ch\/wp-content\/uploads\/2026\/01\/likoer_williams.jpg\",\"contentUrl\":\"https:\/\/exclusive-spirit.ch\/wp-content\/uploads\/2026\/01\/likoer_williams.jpg\",\"width\":1199,\"height\":1199,\"caption\":\"Foto - Exclusive Spirit Williams Lik\u00f6r Vol. 28%\"},{\"@type\":\"BreadcrumbList\",\"@id\":\"https:\/\/exclusive-spirit.ch\/produkt\/exclusive-spirit-williams-likoer-vol-28\/#breadcrumb\",\"itemListElement\":[{\"@type\":\"ListItem\",\"position\":1,\"name\":\"Start\",\"item\":\"https:\/\/exclusive-spirit.ch\/\"},{\"@type\":\"ListItem\",\"position\":2,\"name\":\"Shop\",\"item\":\"https:\/\/exclusive-spirit.ch\/shop\/\"},{\"@type\":\"ListItem\",\"position\":3,\"name\":\"Exclusive Spirit Lik\u00f6r Williams Vol. 28%\"}]},{\"@type\":\"WebSite\",\"@id\":\"https:\/\/exclusive-spirit.ch\/#website\",\"url\":\"https:\/\/exclusive-spirit.ch\/\",\"name\":\"Exclusive Spirit\",\"description\":\"brand | frucht | alp\",\"publisher\":{\"@id\":\"https:\/\/exclusive-spirit.ch\/#organization\"},\"potentialAction\":[{\"@type\":\"SearchAction\",\"target\":{\"@type\":\"EntryPoint\",\"urlTemplate\":\"https:\/\/exclusive-spirit.ch\/?s={search_term_string}\"},\"query-input\":{\"@type\":\"PropertyValueSpecification\",\"valueRequired\":true,\"valueName\":\"search_term_string\"}}],\"inLanguage\":\"en-US\"},{\"@type\":\"Organization\",\"@id\":\"https:\/\/exclusive-spirit.ch\/#organization\",\"name\":\"Exclusive Spirit\",\"url\":\"https:\/\/exclusive-spirit.ch\/\",\"logo\":{\"@type\":\"ImageObject\",\"inLanguage\":\"en-US\",\"@id\":\"https:\/\/exclusive-spirit.ch\/#\/schema\/logo\/image\/\",\"url\":\"https:\/\/exclusive-spirit.ch\/wp-content\/uploads\/2026\/01\/cropped-favicon_exclusive-spirit.jpg\",\"contentUrl\":\"https:\/\/exclusive-spirit.ch\/wp-content\/uploads\/2026\/01\/cropped-favicon_exclusive-spirit.jpg\",\"width\":512,\"height\":512,\"caption\":\"Exclusive Spirit\"},\"image\":{\"@id\":\"https:\/\/exclusive-spirit.ch\/#\/schema\/logo\/image\/\"}}]}<\/script>\n<!-- \/ Yoast SEO plugin. -->","yoast_head_json":{"title":"Exclusive Spirit Lik\u00f6r Williams Vol. 28% - Exclusive Spirit","description":"Die Williams-Birnen stammen aus unseren Hochstammobstg\u00e4rten. Sie werden von Hand gepfl\u00fcckt, sorgf\u00e4ltig eingemaischt und anschliessend destilliert.","robots":{"index":"index","follow":"follow","max-snippet":"max-snippet:-1","max-image-preview":"max-image-preview:large","max-video-preview":"max-video-preview:-1"},"canonical":"https:\/\/exclusive-spirit.ch\/en\/product\/exclusive-spirit-williams-likoer-vol-28\/","og_locale":"en_US","og_type":"article","og_title":"Exclusive Spirit Lik\u00f6r Williams Vol. 28% - Exclusive Spirit","og_description":"Die Williams-Birnen stammen aus unseren Hochstammobstg\u00e4rten. Sie werden von Hand gepfl\u00fcckt, sorgf\u00e4ltig eingemaischt und anschliessend destilliert.","og_url":"https:\/\/exclusive-spirit.ch\/en\/product\/exclusive-spirit-williams-likoer-vol-28\/","og_site_name":"Exclusive Spirit","article_modified_time":"2026-02-13T04:09:54+00:00","og_image":[{"width":1199,"height":1199,"url":"https:\/\/exclusive-spirit.ch\/wp-content\/uploads\/2026\/01\/likoer_williams.jpg","type":"image\/jpeg"}],"twitter_card":"summary_large_image","twitter_misc":{"Est. reading time":"2 minutes"},"schema":{"@context":"https:\/\/schema.org","@graph":[{"@type":"WebPage","@id":"https:\/\/exclusive-spirit.ch\/produkt\/exclusive-spirit-williams-likoer-vol-28\/","url":"https:\/\/exclusive-spirit.ch\/produkt\/exclusive-spirit-williams-likoer-vol-28\/","name":"Exclusive Spirit Lik\u00f6r Williams Vol. 28% - Exclusive Spirit","isPartOf":{"@id":"https:\/\/exclusive-spirit.ch\/#website"},"primaryImageOfPage":{"@id":"https:\/\/exclusive-spirit.ch\/produkt\/exclusive-spirit-williams-likoer-vol-28\/#primaryimage"},"image":{"@id":"https:\/\/exclusive-spirit.ch\/produkt\/exclusive-spirit-williams-likoer-vol-28\/#primaryimage"},"thumbnailUrl":"https:\/\/exclusive-spirit.ch\/wp-content\/uploads\/2026\/01\/likoer_williams.jpg","datePublished":"2026-01-14T22:14:56+00:00","dateModified":"2026-02-13T04:09:54+00:00","description":"Die Williams-Birnen stammen aus unseren Hochstammobstg\u00e4rten. Sie werden von Hand gepfl\u00fcckt, sorgf\u00e4ltig eingemaischt und anschliessend destilliert.","breadcrumb":{"@id":"https:\/\/exclusive-spirit.ch\/produkt\/exclusive-spirit-williams-likoer-vol-28\/#breadcrumb"},"inLanguage":"en-US","potentialAction":[{"@type":"ReadAction","target":["https:\/\/exclusive-spirit.ch\/produkt\/exclusive-spirit-williams-likoer-vol-28\/"]}]},{"@type":"ImageObject","inLanguage":"en-US","@id":"https:\/\/exclusive-spirit.ch\/produkt\/exclusive-spirit-williams-likoer-vol-28\/#primaryimage","url":"https:\/\/exclusive-spirit.ch\/wp-content\/uploads\/2026\/01\/likoer_williams.jpg","contentUrl":"https:\/\/exclusive-spirit.ch\/wp-content\/uploads\/2026\/01\/likoer_williams.jpg","width":1199,"height":1199,"caption":"Foto - Exclusive Spirit Williams Lik\u00f6r Vol. 28%"},{"@type":"BreadcrumbList","@id":"https:\/\/exclusive-spirit.ch\/produkt\/exclusive-spirit-williams-likoer-vol-28\/#breadcrumb","itemListElement":[{"@type":"ListItem","position":1,"name":"Start","item":"https:\/\/exclusive-spirit.ch\/"},{"@type":"ListItem","position":2,"name":"Shop","item":"https:\/\/exclusive-spirit.ch\/shop\/"},{"@type":"ListItem","position":3,"name":"Exclusive Spirit Lik\u00f6r Williams Vol. 28%"}]},{"@type":"WebSite","@id":"https:\/\/exclusive-spirit.ch\/#website","url":"https:\/\/exclusive-spirit.ch\/","name":"Exclusive Spirit","description":"brandy | fruit | alp","publisher":{"@id":"https:\/\/exclusive-spirit.ch\/#organization"},"potentialAction":[{"@type":"SearchAction","target":{"@type":"EntryPoint","urlTemplate":"https:\/\/exclusive-spirit.ch\/?s={search_term_string}"},"query-input":{"@type":"PropertyValueSpecification","valueRequired":true,"valueName":"search_term_string"}}],"inLanguage":"en-US"},{"@type":"Organization","@id":"https:\/\/exclusive-spirit.ch\/#organization","name":"Exclusive Spirit","url":"https:\/\/exclusive-spirit.ch\/","logo":{"@type":"ImageObject","inLanguage":"en-US","@id":"https:\/\/exclusive-spirit.ch\/#\/schema\/logo\/image\/","url":"https:\/\/exclusive-spirit.ch\/wp-content\/uploads\/2026\/01\/cropped-favicon_exclusive-spirit.jpg","contentUrl":"https:\/\/exclusive-spirit.ch\/wp-content\/uploads\/2026\/01\/cropped-favicon_exclusive-spirit.jpg","width":512,"height":512,"caption":"Exclusive Spirit"},"image":{"@id":"https:\/\/exclusive-spirit.ch\/#\/schema\/logo\/image\/"}}]}},"jetpack_sharing_enabled":true,"_links":{"self":[{"href":"https:\/\/exclusive-spirit.ch\/en\/wp-json\/wp\/v2\/product\/196","targetHints":{"allow":["GET"]}}],"collection":[{"href":"https:\/\/exclusive-spirit.ch\/en\/wp-json\/wp\/v2\/product"}],"about":[{"href":"https:\/\/exclusive-spirit.ch\/en\/wp-json\/wp\/v2\/types\/product"}],"wp:featuredmedia":[{"embeddable":true,"href":"https:\/\/exclusive-spirit.ch\/en\/wp-json\/wp\/v2\/media\/657"}],"wp:attachment":[{"href":"https:\/\/exclusive-spirit.ch\/en\/wp-json\/wp\/v2\/media?parent=196"}],"wp:term":[{"taxonomy":"product_brand","embeddable":true,"href":"https:\/\/exclusive-spirit.ch\/en\/wp-json\/wp\/v2\/product_brand?post=196"},{"taxonomy":"product_cat","embeddable":true,"href":"https:\/\/exclusive-spirit.ch\/en\/wp-json\/wp\/v2\/product_cat?post=196"},{"taxonomy":"product_tag","embeddable":true,"href":"https:\/\/exclusive-spirit.ch\/en\/wp-json\/wp\/v2\/product_tag?post=196"}],"curies":[{"name":"wp","href":"https:\/\/api.w.org\/{rel}","templated":true}]}}